{"id":862,"date":"2021-08-04T13:24:48","date_gmt":"2021-08-04T16:24:48","guid":{"rendered":"https:\/\/corelaw.com.br\/?page_id=862"},"modified":"2021-12-31T14:16:57","modified_gmt":"2021-12-31T17:16:57","slug":"trabalhista","status":"publish","type":"page","link":"https:\/\/corelaw.com.br\/en\/trabalhista\/","title":{"rendered":"LABOR"},"content":{"rendered":"<div data-elementor-type=\"wp-page\" data-elementor-id=\"862\" class=\"elementor elementor-862\" data-elementor-post-type=\"page\">\n\t\t\t\t\t\t<section class=\"elementor-section elementor-top-section elementor-element elementor-element-f7793a0 elementor-section-height-min-height hero-img elementor-section-boxed elementor-section-height-default elementor-section-items-middle\" data-id=\"f7793a0\" data-element_type=\"section\" data-settings=\"{&quot;background_background&quot;:&quot;classic&quot;}\">\n\t\t\t\t\t\t\t<div class=\"elementor-background-overlay\"><\/div>\n\t\t\t\t\t\t\t<div class=\"elementor-container elementor-column-gap-wider\">\n\t\t\t\t\t<div class=\"elementor-column elementor-col-100 elementor-top-column elementor-element elementor-element-2b014ff1\" data-id=\"2b014ff1\" data-element_type=\"column\">\n\t\t\t<div class=\"elementor-widget-wrap elementor-element-populated\">\n\t\t\t\t\t\t<div class=\"elementor-element elementor-element-632627a0 de_scroll_animation_no elementor-widget elementor-widget-theme-post-title elementor-page-title elementor-widget-heading\" data-id=\"632627a0\" data-element_type=\"widget\" data-widget_type=\"theme-post-title.default\">\n\t\t\t\t<div class=\"elementor-widget-container\">\n\t\t\t\t\t<h1 class=\"elementor-heading-title elementor-size-default\">LABOR<\/h1>\t\t\t\t<\/div>\n\t\t\t\t<\/div>\n\t\t\t\t\t<\/div>\n\t\t<\/div>\n\t\t\t\t\t<\/div>\n\t\t<\/section>\n\t\t\t\t<section class=\"elementor-section elementor-top-section elementor-element elementor-element-632ea7f2 elementor-section-boxed elementor-section-height-default elementor-section-height-default\" data-id=\"632ea7f2\" data-element_type=\"section\">\n\t\t\t\t\t\t<div class=\"elementor-container elementor-column-gap-wider\">\n\t\t\t\t\t<div class=\"elementor-column elementor-col-100 elementor-top-column elementor-element elementor-element-3b9633ee\" data-id=\"3b9633ee\" data-element_type=\"column\">\n\t\t\t<div class=\"elementor-widget-wrap elementor-element-populated\">\n\t\t\t\t\t\t<div class=\"elementor-element elementor-element-29c95cbe de_scroll_animation_no elementor-widget elementor-widget-heading\" data-id=\"29c95cbe\" data-element_type=\"widget\" data-widget_type=\"heading.default\">\n\t\t\t\t<div class=\"elementor-widget-container\">\n\t\t\t\t\t<h2 class=\"elementor-heading-title elementor-size-default\">HOW WE CAN HELP YOU<\/h2>\t\t\t\t<\/div>\n\t\t\t\t<\/div>\n\t\t\t\t<div class=\"elementor-element elementor-element-2b1c9d54 de_scroll_animation_no elementor-widget elementor-widget-text-editor\" data-id=\"2b1c9d54\" data-element_type=\"widget\" data-widget_type=\"text-editor.default\">\n\t\t\t\t<div class=\"elementor-widget-container\">\n\t\t\t\t\t\t\t\t\t<ul><li style=\"font-weight: 400;\" aria-level=\"1\"><span style=\"font-weight: 400;\">Advice on advisory issues concerning the new ways of hiring, with the elaboration and review of work contracts, service contracts, services to third parties contracts, etc. Complete Legal support for the hiring and dismissing of executives, managers and technicians, as well as change of position, workplace in the country or abroad and advisory on the hiring of foreigners to work in Brazil;<\/span><\/li><li style=\"font-weight: 400;\" aria-level=\"1\" class=\"translation-block\">Elaboration of commission policies for selling teams, sales incentive plans, variable compensation plans and benefits in general, besides the creation of Stock Options plans;<\/li><li style=\"font-weight: 400;\" aria-level=\"1\" class=\"translation-block\">Managing and mitigation of risks due to labor effects of corporate restructuring, as well as labor due diligence;<\/li><li style=\"font-weight: 400;\" aria-level=\"1\"><span style=\"font-weight: 400;\">Advisory on negotiations with Unions, with the objective of Profit and Participation Program, overtime negotiations, specific rights regulation, accommodation of different benefit packages between teams, etc.<\/span><\/li><li style=\"font-weight: 400;\" aria-level=\"1\"><span style=\"font-weight: 400;\">Representation in legal litigations in all instances of the Labor Courts, as well as in labor relations mediation and administrative procedures before the Labor Public Ministry.<\/span><\/li><li aria-level=\"1\">Structuring of productivity participation policies in innovation for startups and innovative companies.<\/li><\/ul>\t\t\t\t\t\t\t\t<\/div>\n\t\t\t\t<\/div>\n\t\t\t\t<div class=\"elementor-element elementor-element-f97c8d8 de_scroll_animation_no elementor-widget elementor-widget-heading\" data-id=\"f97c8d8\" data-element_type=\"widget\" data-widget_type=\"heading.default\">\n\t\t\t\t<div class=\"elementor-widget-container\">\n\t\t\t\t\t<h2 class=\"elementor-heading-title elementor-size-default\">WHAT MAKES US STAND OUT<\/h2>\t\t\t\t<\/div>\n\t\t\t\t<\/div>\n\t\t\t\t<div class=\"elementor-element elementor-element-0fe3020 de_scroll_animation_no elementor-widget elementor-widget-text-editor\" data-id=\"0fe3020\" data-element_type=\"widget\" data-widget_type=\"text-editor.default\">\n\t\t\t\t<div class=\"elementor-widget-container\">\n\t\t\t\t\t\t\t\t\t<ul><li><span style=\"font-weight: 400;\">We act in labor &amp; employment matters, advising to meet strategic cases as well as daily needs in workforce management. We work with balanced fee proposals in favor of the clients\u00b4 budgets.<\/span><\/li><li aria-level=\"1\"><span style=\"font-weight: 400;\">Responses to formulated queries are always objective with a focus on the essential, building solutions on individuals and collective work relations with the support of our tax and contract areas, delivering a complete response.<\/span><\/li><li aria-level=\"1\"><span style=\"font-weight: 400;\">On labor &amp; employment litigation aims to reduce the involved contingency value, but, essentially, on the identification and measuring of work routines or managing practices that may potentially cause future labor lawsuits.<\/span><\/li><\/ul>\t\t\t\t\t\t\t\t<\/div>\n\t\t\t\t<\/div>\n\t\t\t\t\t<\/div>\n\t\t<\/div>\n\t\t\t\t\t<\/div>\n\t\t<\/section>\n\t\t\t\t<\/div>","protected":false},"excerpt":{"rendered":"<p>COMO PODEMOS AJUDAR Assessoria trabalhista para contrata\u00e7\u00e3o e desligamento de executivos, gestores e t\u00e9cnicos, movimenta\u00e7\u00e3o interna de fun\u00e7\u00e3o, expatria\u00e7\u00e3o e contrata\u00e7\u00e3o de trabalhador estrangeiro, com elabora\u00e7\u00e3o e revis\u00e3o de contratos de emprego, de presta\u00e7\u00e3o de servi\u00e7os, etc.; Elabora\u00e7\u00e3o de pol\u00edticas de remunera\u00e7\u00e3o, participa\u00e7\u00e3o por produtividade, bonifica\u00e7\u00f5es, comiss\u00f5es e remunera\u00e7\u00e3o vari\u00e1vel para time de vendas e [&hellip;]<\/p>","protected":false},"author":4,"featured_media":0,"parent":0,"menu_order":0,"comment_status":"closed","ping_status":"closed","template":"","meta":{"footnotes":""},"class_list":["post-862","page","type-page","status-publish","hentry"],"_links":{"self":[{"href":"https:\/\/corelaw.com.br\/en\/wp-json\/wp\/v2\/pages\/862","targetHints":{"allow":["GET"]}}],"collection":[{"href":"https:\/\/corelaw.com.br\/en\/wp-json\/wp\/v2\/pages"}],"about":[{"href":"https:\/\/corelaw.com.br\/en\/wp-json\/wp\/v2\/types\/page"}],"author":[{"embeddable":true,"href":"https:\/\/corelaw.com.br\/en\/wp-json\/wp\/v2\/users\/4"}],"replies":[{"embeddable":true,"href":"https:\/\/corelaw.com.br\/en\/wp-json\/wp\/v2\/comments?post=862"}],"version-history":[{"count":31,"href":"https:\/\/corelaw.com.br\/en\/wp-json\/wp\/v2\/pages\/862\/revisions"}],"predecessor-version":[{"id":14645,"href":"https:\/\/corelaw.com.br\/en\/wp-json\/wp\/v2\/pages\/862\/revisions\/14645"}],"wp:attachment":[{"href":"https:\/\/corelaw.com.br\/en\/wp-json\/wp\/v2\/media?parent=862"}],"curies":[{"name":"wp","href":"https:\/\/api.w.org\/{rel}","templated":true}]}}