{"id":846,"date":"2021-08-04T11:47:09","date_gmt":"2021-08-04T14:47:09","guid":{"rendered":"https:\/\/corelaw.com.br\/?page_id=846"},"modified":"2021-12-31T14:11:45","modified_gmt":"2021-12-31T17:11:45","slug":"imobiliario","status":"publish","type":"page","link":"https:\/\/corelaw.com.br\/en\/imobiliario\/","title":{"rendered":"REAL ESTATE"},"content":{"rendered":"<div data-elementor-type=\"wp-page\" data-elementor-id=\"846\" class=\"elementor elementor-846\" data-elementor-post-type=\"page\">\n\t\t\t\t\t\t<section class=\"elementor-section elementor-top-section elementor-element elementor-element-f7793a0 elementor-section-height-min-height hero-img elementor-section-boxed elementor-section-height-default elementor-section-items-middle\" data-id=\"f7793a0\" data-element_type=\"section\" data-settings=\"{&quot;background_background&quot;:&quot;classic&quot;}\">\n\t\t\t\t\t\t\t<div class=\"elementor-background-overlay\"><\/div>\n\t\t\t\t\t\t\t<div class=\"elementor-container elementor-column-gap-default\">\n\t\t\t\t\t<div class=\"elementor-column elementor-col-100 elementor-top-column elementor-element elementor-element-2b014ff1\" data-id=\"2b014ff1\" data-element_type=\"column\">\n\t\t\t<div class=\"elementor-widget-wrap elementor-element-populated\">\n\t\t\t\t\t\t<div class=\"elementor-element elementor-element-632627a0 de_scroll_animation_no elementor-widget elementor-widget-theme-post-title elementor-page-title elementor-widget-heading\" data-id=\"632627a0\" data-element_type=\"widget\" data-widget_type=\"theme-post-title.default\">\n\t\t\t\t<div class=\"elementor-widget-container\">\n\t\t\t\t\t<h1 class=\"elementor-heading-title elementor-size-default\">REAL ESTATE<\/h1>\t\t\t\t<\/div>\n\t\t\t\t<\/div>\n\t\t\t\t\t<\/div>\n\t\t<\/div>\n\t\t\t\t\t<\/div>\n\t\t<\/section>\n\t\t\t\t<section class=\"elementor-section elementor-top-section elementor-element elementor-element-632ea7f2 elementor-section-boxed elementor-section-height-default elementor-section-height-default\" data-id=\"632ea7f2\" data-element_type=\"section\">\n\t\t\t\t\t\t<div class=\"elementor-container elementor-column-gap-wider\">\n\t\t\t\t\t<div class=\"elementor-column elementor-col-100 elementor-top-column elementor-element elementor-element-3b9633ee\" data-id=\"3b9633ee\" data-element_type=\"column\">\n\t\t\t<div class=\"elementor-widget-wrap elementor-element-populated\">\n\t\t\t\t\t\t<div class=\"elementor-element elementor-element-29c95cbe de_scroll_animation_no elementor-widget elementor-widget-heading\" data-id=\"29c95cbe\" data-element_type=\"widget\" data-widget_type=\"heading.default\">\n\t\t\t\t<div class=\"elementor-widget-container\">\n\t\t\t\t\t<h2 class=\"elementor-heading-title elementor-size-default\">HOW WE CAN HELP YOU<\/h2>\t\t\t\t<\/div>\n\t\t\t\t<\/div>\n\t\t\t\t<div class=\"elementor-element elementor-element-2b1c9d54 de_scroll_animation_no elementor-widget elementor-widget-text-editor\" data-id=\"2b1c9d54\" data-element_type=\"widget\" data-widget_type=\"text-editor.default\">\n\t\t\t\t<div class=\"elementor-widget-container\">\n\t\t\t\t\t\t\t\t\t<ul><li style=\"font-weight: 400;\" aria-level=\"1\"><span style=\"font-weight: 400;\">Drafting, reviewing and negotiation of agreements for the purchase and sale of rural properties, especially from the foreign investor's point of view, taking care of the legal restrictions.<\/span><\/li><li style=\"font-weight: 400;\" aria-level=\"1\"><span style=\"font-weight: 400;\">Rural lease agreements and rural partnership.<\/span><\/li><li style=\"font-weight: 400;\" aria-level=\"1\"><span style=\"font-weight: 400;\">Property regularization (land, constructions, purposes, etc.) and its follow-up before cadastral (City Hall, INCRA, SPU, etc.) and registry (Real Estate Registry Office) bodies.<\/span><\/li><li style=\"font-weight: 400;\" aria-level=\"1\"><span style=\"font-weight: 400;\">Draft, follow-up and registration of \u201cusucapi\u00e3o\u201d (real estate acquisition form), inventory and extrajudicial divorce proceedings that take place before real estate notaries and real estate registries offices.<\/span><\/li><li style=\"font-weight: 400;\" aria-level=\"1\"><span style=\"font-weight: 400;\">Purchase of urban land in all its modalities and real estate due diligence aligned with the most recent legislation and jurisprudence, warning of risks.<\/span><\/li><li style=\"font-weight: 400;\" aria-level=\"1\"><span style=\"font-weight: 400;\">Optimization and execution of structures in the corporate modalities (\u201cSPEs\u201d, Partners Agreement, \u201cSCPs\u201d etc.) or contractual real estate modalities (mentioned above) with the ideal legal formatting of real estate enterprises with creative solutions involving the whole law office with the three main areas of expertise (tax, corporate and real estate).<\/span><\/li><li style=\"font-weight: 400;\" aria-level=\"1\"><span style=\"font-weight: 400;\">Land area rectification and\/or land area unification.<\/span><\/li><li style=\"font-weight: 400;\" aria-level=\"1\"><span style=\"font-weight: 400;\">Registration of Real Estate Incorporation, with the draft of condominium memorial and draft of the condominium convention and standard contract of sale of the future real estate \/ Institution and specification of condominium.<\/span><\/li><li style=\"font-weight: 400;\" aria-level=\"1\"><span style=\"font-weight: 400;\">Registration of allotment \/ subdivision, with the draft of descriptive memorial, residents' association, sale and purchase standard agreement, etc.<\/span><\/li><li style=\"font-weight: 400;\" aria-level=\"1\"><span style=\"font-weight: 400;\">Lease agreements (residential, commercial etc.) and their registration (preference clause and validity clause) and guarantees.<\/span><\/li><li style=\"font-weight: 400;\" aria-level=\"1\"><span style=\"font-weight: 400;\">Building contracts (civil construction), management, built to suit, among others.\u00a0<\/span><i><span style=\"font-weight: 400;\">built to suit<\/span><\/i><span style=\"font-weight: 400;\">, entre outros.<\/span><\/li><li style=\"font-weight: 400;\" aria-level=\"1\"><span style=\"font-weight: 400;\">Sale of company\u2019s real estate properties.<\/span><\/li><\/ul>\t\t\t\t\t\t\t\t<\/div>\n\t\t\t\t<\/div>\n\t\t\t\t<div class=\"elementor-element elementor-element-f97c8d8 de_scroll_animation_no elementor-widget elementor-widget-heading\" data-id=\"f97c8d8\" data-element_type=\"widget\" data-widget_type=\"heading.default\">\n\t\t\t\t<div class=\"elementor-widget-container\">\n\t\t\t\t\t<h2 class=\"elementor-heading-title elementor-size-default\">WHAT MAKES US STAND OUT<\/h2>\t\t\t\t<\/div>\n\t\t\t\t<\/div>\n\t\t\t\t<div class=\"elementor-element elementor-element-0fe3020 de_scroll_animation_no elementor-widget elementor-widget-text-editor\" data-id=\"0fe3020\" data-element_type=\"widget\" data-widget_type=\"text-editor.default\">\n\t\t\t\t<div class=\"elementor-widget-container\">\n\t\t\t\t\t\t\t\t\t<ul><li>We always involve the firm's tax department in analysis because we care about our client's pocket.<\/li><li>We help our clients run a business viability study of legal solutions.<\/li><li>We talk to the parties involved in the operation, and we prepare or negotiate the agreements (purchase and sale of properties, lease agreements, construction etc.).<\/li><li>We manage the other professionals involved in the enterprise, such as clearing agents, engineers, and others.<\/li><li>We do not shy away from giving a concrete opinion to the client about the security (or otherwise) of the business.<\/li><li>We go the extra mile with the client: we only deliver the finished work! Either we deliver the registration with the records of the purchase and sale, development and institution of condominium, allotment, lease, lease guarantees, etc., or we do not finish our work.<\/li><\/ul>\t\t\t\t\t\t\t\t<\/div>\n\t\t\t\t<\/div>\n\t\t\t\t\t<\/div>\n\t\t<\/div>\n\t\t\t\t\t<\/div>\n\t\t<\/section>\n\t\t\t\t<\/div>","protected":false},"excerpt":{"rendered":"<p>COMO PODEMOS AJUDAR Compra e venda de im\u00f3veis rurais, em especial sob a \u00f3tica do investidor estrangeiro, cuidando das restri\u00e7\u00f5es legais. Arrendamento e Parceria rurais. Regulariza\u00e7\u00e3o fundi\u00e1ria de im\u00f3veis (terrenos, constru\u00e7\u00f5es, finalidades etc.) e seu acompanhamento perante \u00f3rg\u00e3os cadastrais (Prefeitura, INCRA, SPU etc.) e registrais (Cart\u00f3rio de Registro de Im\u00f3veis). Elabora\u00e7\u00e3o, acompanhamento e registro de [&hellip;]<\/p>","protected":false},"author":4,"featured_media":0,"parent":0,"menu_order":0,"comment_status":"closed","ping_status":"closed","template":"","meta":{"footnotes":""},"class_list":["post-846","page","type-page","status-publish","hentry"],"_links":{"self":[{"href":"https:\/\/corelaw.com.br\/en\/wp-json\/wp\/v2\/pages\/846","targetHints":{"allow":["GET"]}}],"collection":[{"href":"https:\/\/corelaw.com.br\/en\/wp-json\/wp\/v2\/pages"}],"about":[{"href":"https:\/\/corelaw.com.br\/en\/wp-json\/wp\/v2\/types\/page"}],"author":[{"embeddable":true,"href":"https:\/\/corelaw.com.br\/en\/wp-json\/wp\/v2\/users\/4"}],"replies":[{"embeddable":true,"href":"https:\/\/corelaw.com.br\/en\/wp-json\/wp\/v2\/comments?post=846"}],"version-history":[{"count":37,"href":"https:\/\/corelaw.com.br\/en\/wp-json\/wp\/v2\/pages\/846\/revisions"}],"predecessor-version":[{"id":14624,"href":"https:\/\/corelaw.com.br\/en\/wp-json\/wp\/v2\/pages\/846\/revisions\/14624"}],"wp:attachment":[{"href":"https:\/\/corelaw.com.br\/en\/wp-json\/wp\/v2\/media?parent=846"}],"curies":[{"name":"wp","href":"https:\/\/api.w.org\/{rel}","templated":true}]}}