{"id":840,"date":"2021-08-04T11:39:40","date_gmt":"2021-08-04T14:39:40","guid":{"rendered":"https:\/\/corelaw.com.br\/?page_id=840"},"modified":"2021-12-31T14:17:32","modified_gmt":"2021-12-31T17:17:32","slug":"tributario","status":"publish","type":"page","link":"https:\/\/corelaw.com.br\/en\/tributario\/","title":{"rendered":"TAX"},"content":{"rendered":"<div data-elementor-type=\"wp-page\" data-elementor-id=\"840\" class=\"elementor elementor-840\" data-elementor-post-type=\"page\">\n\t\t\t\t\t\t<section class=\"elementor-section elementor-top-section elementor-element elementor-element-f7793a0 elementor-section-height-min-height hero-img elementor-section-boxed elementor-section-height-default elementor-section-items-middle\" data-id=\"f7793a0\" data-element_type=\"section\" data-settings=\"{&quot;background_background&quot;:&quot;classic&quot;}\">\n\t\t\t\t\t\t\t<div class=\"elementor-background-overlay\"><\/div>\n\t\t\t\t\t\t\t<div class=\"elementor-container elementor-column-gap-wider\">\n\t\t\t\t\t<div class=\"elementor-column elementor-col-100 elementor-top-column elementor-element elementor-element-2b014ff1\" data-id=\"2b014ff1\" data-element_type=\"column\">\n\t\t\t<div class=\"elementor-widget-wrap elementor-element-populated\">\n\t\t\t\t\t\t<div class=\"elementor-element elementor-element-632627a0 de_scroll_animation_no elementor-widget elementor-widget-theme-post-title elementor-page-title elementor-widget-heading\" data-id=\"632627a0\" data-element_type=\"widget\" data-widget_type=\"theme-post-title.default\">\n\t\t\t\t<div class=\"elementor-widget-container\">\n\t\t\t\t\t<h1 class=\"elementor-heading-title elementor-size-default\">TAX<\/h1>\t\t\t\t<\/div>\n\t\t\t\t<\/div>\n\t\t\t\t\t<\/div>\n\t\t<\/div>\n\t\t\t\t\t<\/div>\n\t\t<\/section>\n\t\t\t\t<section class=\"elementor-section elementor-top-section elementor-element elementor-element-632ea7f2 elementor-section-boxed elementor-section-height-default elementor-section-height-default\" data-id=\"632ea7f2\" data-element_type=\"section\">\n\t\t\t\t\t\t<div class=\"elementor-container elementor-column-gap-wider\">\n\t\t\t\t\t<div class=\"elementor-column elementor-col-100 elementor-top-column elementor-element elementor-element-3b9633ee\" data-id=\"3b9633ee\" data-element_type=\"column\">\n\t\t\t<div class=\"elementor-widget-wrap elementor-element-populated\">\n\t\t\t\t\t\t<div class=\"elementor-element elementor-element-29c95cbe de_scroll_animation_no elementor-widget elementor-widget-heading\" data-id=\"29c95cbe\" data-element_type=\"widget\" data-widget_type=\"heading.default\">\n\t\t\t\t<div class=\"elementor-widget-container\">\n\t\t\t\t\t<h2 class=\"elementor-heading-title elementor-size-default\">HOW WE CAN HELP YOU<\/h2>\t\t\t\t<\/div>\n\t\t\t\t<\/div>\n\t\t\t\t<div class=\"elementor-element elementor-element-2b1c9d54 de_scroll_animation_no elementor-widget elementor-widget-text-editor\" data-id=\"2b1c9d54\" data-element_type=\"widget\" data-widget_type=\"text-editor.default\">\n\t\t\t\t<div class=\"elementor-widget-container\">\n\t\t\t\t\t\t\t\t\t<ul><li><span style=\"font-family: arial, sans-serif;\">Consulting focused on solving everyday problems related to the correct fulfillment of main tax obligations (calculation and collection of taxes) and ancillary ones (bookkeeping, filling out declarations, etc.).<\/span><\/li><li><span style=\"font-family: arial, sans-serif;\">Tax advice on business restructuring operations, including M&amp;A.<\/span><\/li><li><span style=\"font-family: arial, sans-serif;\">Analysis and creation of structures for succession planning and family holding.<\/span><\/li><li><span style=\"font-family: arial, sans-serif;\">Preparation, protocol and monitoring of non-contentious administrative processes, such as requests for special arrangements and formal consultations with the Tax Authorities.<\/span><\/li><li><span style=\"font-family: arial, sans-serif;\">Assistance in monitoring and complying with inspection procedures, at the Federal, State and Municipal levels.<\/span><\/li><li><span style=\"font-family: arial, sans-serif;\">Defense and monitoring of administrative processes for launching tax credits, such as Notices of Violation and Release Notifications.<\/span><\/li><li><span style=\"font-family: arial, sans-serif;\">Filing and monitoring of legal measures aimed at avoiding the collection of undue taxes and\/or removing undue penalties.<\/span><\/li><\/ul>\t\t\t\t\t\t\t\t<\/div>\n\t\t\t\t<\/div>\n\t\t\t\t<div class=\"elementor-element elementor-element-f97c8d8 de_scroll_animation_no elementor-widget elementor-widget-heading\" data-id=\"f97c8d8\" data-element_type=\"widget\" data-widget_type=\"heading.default\">\n\t\t\t\t<div class=\"elementor-widget-container\">\n\t\t\t\t\t<h2 class=\"elementor-heading-title elementor-size-default\">WHAT MAKES US STAND OUT<\/h2>\t\t\t\t<\/div>\n\t\t\t\t<\/div>\n\t\t\t\t<div class=\"elementor-element elementor-element-0fe3020 de_scroll_animation_no elementor-widget elementor-widget-text-editor\" data-id=\"0fe3020\" data-element_type=\"widget\" data-widget_type=\"text-editor.default\">\n\t\t\t\t<div class=\"elementor-widget-container\">\n\t\t\t\t\t\t\t\t\t<ul><li>Extensive knowledge and experience of tax legislation, which makes it possible not only to verify any problems in the company's operation, but also to suggest practical and creative solutions, with simple and visual language.<\/li><\/ul><ul><li>Creativity and experience to suggest improvements in operations, as well as develop, present and follow up requests for special tax regime.<\/li><\/ul><ul><li>In-depth knowledge in specific areas of the market, such as agribusiness (special taxation for rural producers), beauty and personal hygiene (IPI treatment) and civil construction (RET).<\/li><\/ul><ul><li>Sincerity in dealing with the client, in order to always inform and measure the possible risk in the suggested strategies. We do not shy away from giving a concrete opinion to the customer about the safety (or not) of the operation.<\/li><\/ul><ul><li>We go to the end with the client: whether in the elaboration of a legal opinion, in the defense of interests in an administrative or legal proceeding, we follow the topic until the end, always supporting the client at all stages.<\/li><\/ul>\t\t\t\t\t\t\t\t<\/div>\n\t\t\t\t<\/div>\n\t\t\t\t\t<\/div>\n\t\t<\/div>\n\t\t\t\t\t<\/div>\n\t\t<\/section>\n\t\t\t\t<\/div>","protected":false},"excerpt":{"rendered":"<p>COMO PODEMOS AJUDAR Consultoria voltada \u00e0 solu\u00e7\u00e3o de problemas cotidianos atinentes ao correto cumprimento das obriga\u00e7\u00f5es tribut\u00e1rias principal (apura\u00e7\u00e3o e recolhimento de tributos) e acess\u00f3rias (escritura\u00e7\u00e3o de livros, preenchimento de declara\u00e7\u00f5es etc.). Assessoria tribut\u00e1ria em opera\u00e7\u00f5es de reestrutura\u00e7\u00e3o empresarial, incluindo M&amp;A. An\u00e1lise e cria\u00e7\u00e3o de estruturas de planejamento sucess\u00f3rio e holding familiar. Elabora\u00e7\u00e3o, protocolo e [&hellip;]<\/p>","protected":false},"author":4,"featured_media":0,"parent":0,"menu_order":0,"comment_status":"closed","ping_status":"closed","template":"","meta":{"footnotes":""},"class_list":["post-840","page","type-page","status-publish","hentry"],"_links":{"self":[{"href":"https:\/\/corelaw.com.br\/en\/wp-json\/wp\/v2\/pages\/840","targetHints":{"allow":["GET"]}}],"collection":[{"href":"https:\/\/corelaw.com.br\/en\/wp-json\/wp\/v2\/pages"}],"about":[{"href":"https:\/\/corelaw.com.br\/en\/wp-json\/wp\/v2\/types\/page"}],"author":[{"embeddable":true,"href":"https:\/\/corelaw.com.br\/en\/wp-json\/wp\/v2\/users\/4"}],"replies":[{"embeddable":true,"href":"https:\/\/corelaw.com.br\/en\/wp-json\/wp\/v2\/comments?post=840"}],"version-history":[{"count":25,"href":"https:\/\/corelaw.com.br\/en\/wp-json\/wp\/v2\/pages\/840\/revisions"}],"predecessor-version":[{"id":14648,"href":"https:\/\/corelaw.com.br\/en\/wp-json\/wp\/v2\/pages\/840\/revisions\/14648"}],"wp:attachment":[{"href":"https:\/\/corelaw.com.br\/en\/wp-json\/wp\/v2\/media?parent=840"}],"curies":[{"name":"wp","href":"https:\/\/api.w.org\/{rel}","templated":true}]}}