{"id":834,"date":"2021-08-04T11:35:13","date_gmt":"2021-08-04T14:35:13","guid":{"rendered":"https:\/\/corelaw.com.br\/?page_id=834"},"modified":"2021-12-31T14:16:09","modified_gmt":"2021-12-31T17:16:09","slug":"societario","status":"publish","type":"page","link":"https:\/\/corelaw.com.br\/en\/societario\/","title":{"rendered":"CORPORATE"},"content":{"rendered":"<div data-elementor-type=\"wp-page\" data-elementor-id=\"834\" class=\"elementor elementor-834\" data-elementor-post-type=\"page\">\n\t\t\t\t\t\t<section class=\"elementor-section elementor-top-section elementor-element elementor-element-f7793a0 elementor-section-height-min-height hero-img elementor-section-boxed elementor-section-height-default elementor-section-items-middle\" data-id=\"f7793a0\" data-element_type=\"section\" data-settings=\"{&quot;background_background&quot;:&quot;classic&quot;}\">\n\t\t\t\t\t\t\t<div class=\"elementor-background-overlay\"><\/div>\n\t\t\t\t\t\t\t<div class=\"elementor-container elementor-column-gap-wider\">\n\t\t\t\t\t<div class=\"elementor-column elementor-col-100 elementor-top-column elementor-element elementor-element-2b014ff1\" data-id=\"2b014ff1\" data-element_type=\"column\">\n\t\t\t<div class=\"elementor-widget-wrap elementor-element-populated\">\n\t\t\t\t\t\t<div class=\"elementor-element elementor-element-632627a0 de_scroll_animation_no elementor-widget elementor-widget-theme-post-title elementor-page-title elementor-widget-heading\" data-id=\"632627a0\" data-element_type=\"widget\" data-widget_type=\"theme-post-title.default\">\n\t\t\t\t<div class=\"elementor-widget-container\">\n\t\t\t\t\t<h1 class=\"elementor-heading-title elementor-size-default\">CORPORATE<\/h1>\t\t\t\t<\/div>\n\t\t\t\t<\/div>\n\t\t\t\t\t<\/div>\n\t\t<\/div>\n\t\t\t\t\t<\/div>\n\t\t<\/section>\n\t\t\t\t<section class=\"elementor-section elementor-top-section elementor-element elementor-element-632ea7f2 elementor-section-boxed elementor-section-height-default elementor-section-height-default\" data-id=\"632ea7f2\" data-element_type=\"section\">\n\t\t\t\t\t\t<div class=\"elementor-container elementor-column-gap-wider\">\n\t\t\t\t\t<div class=\"elementor-column elementor-col-100 elementor-top-column elementor-element elementor-element-3b9633ee\" data-id=\"3b9633ee\" data-element_type=\"column\">\n\t\t\t<div class=\"elementor-widget-wrap elementor-element-populated\">\n\t\t\t\t\t\t<div class=\"elementor-element elementor-element-29c95cbe de_scroll_animation_no elementor-widget elementor-widget-heading\" data-id=\"29c95cbe\" data-element_type=\"widget\" data-widget_type=\"heading.default\">\n\t\t\t\t<div class=\"elementor-widget-container\">\n\t\t\t\t\t<h2 class=\"elementor-heading-title elementor-size-default\">HOW WE CAN HELP YOU<\/h2>\t\t\t\t<\/div>\n\t\t\t\t<\/div>\n\t\t\t\t<div class=\"elementor-element elementor-element-2b1c9d54 de_scroll_animation_no elementor-widget elementor-widget-text-editor\" data-id=\"2b1c9d54\" data-element_type=\"widget\" data-widget_type=\"text-editor.default\">\n\t\t\t\t<div class=\"elementor-widget-container\">\n\t\t\t\t\t\t\t\t\t<ul><li>Incorporation of companies in Brazil, with domestic and foreign members.<\/li><li class=\"translation-block\">Preparation of corporate acts in general, such as Minutes of Members\u2019 Meetings, Articles of Incorporation and amendments, Minutes of the Annual and Special Shareholders\u2019 Meeting, merger, conversion, spin-off and consolidation of companies, <em>dropdown<\/em> of assets, as well as coordinating the registration of these corporate acts before the appropriate agencies.<\/li><li>Structuring corporate operations involving the dissolution and creation of companies, or even the change of address, including the tax analysis of the operation, the necessary licenses for the company to operate and coordination of all professionals involved, with the opening of branches if necessary, so that there is no interruption in business activities.<\/li><li>Corporate auditing and preparation of a report with the current company situation, items to be put in order, recommendations for improvements and organization of all corporate actions.<em>.<\/em><\/li><li>Drawing up agreements in general, such as: memorandum of understandings, confidentiality agreements, letters of intent, sale of assets, purchase and sale of quotas\/shares, investment agreements, subscription and quotaholders\/shareholders agreements, stock or quota purchase option plans and individual agreements, as well as formation of joint ventures in Brazil.<\/li><li>Legal opinions on the most diverse corporate issues, such as directors\u2019 responsibility, dividends and interest on shareholders\u2019 equity, publication of financial statements, as well as on corporate governance and corporate disputes issues.<\/li><li>Advice on inheritance estate planning.<\/li><\/ul>\t\t\t\t\t\t\t\t<\/div>\n\t\t\t\t<\/div>\n\t\t\t\t<div class=\"elementor-element elementor-element-f97c8d8 de_scroll_animation_no elementor-widget elementor-widget-heading\" data-id=\"f97c8d8\" data-element_type=\"widget\" data-widget_type=\"heading.default\">\n\t\t\t\t<div class=\"elementor-widget-container\">\n\t\t\t\t\t<h2 class=\"elementor-heading-title elementor-size-default\">WHAT MAKES US STAND OUT<\/h2>\t\t\t\t<\/div>\n\t\t\t\t<\/div>\n\t\t\t\t<div class=\"elementor-element elementor-element-0fe3020 de_scroll_animation_no elementor-widget elementor-widget-text-editor\" data-id=\"0fe3020\" data-element_type=\"widget\" data-widget_type=\"text-editor.default\">\n\t\t\t\t<div class=\"elementor-widget-container\">\n\t\t\t\t\t\t\t\t\t<ul><li>We separate routine work from strategic work. Routine work follows a pattern and is done with attention to detail, to avoid any demands from public agencies. Strategic work is different. There are no templates to be followed, each person and each business is unique and deserve to be treated as such. We help clients by presenting possible alternatives for business viability, always with creativity and legal security.<\/li><li>We always involve the firm\u2019s tax department in analysis because we care about our client\u2019s pocket.<\/li><li>We value simplifying the complex at all stages.<\/li><li>We work in total harmony with the other professionals involved, including accountants and paralegals, among others, coordinating everyone so that client deals with a single person.<\/li><\/ul>\t\t\t\t\t\t\t\t<\/div>\n\t\t\t\t<\/div>\n\t\t\t\t\t<\/div>\n\t\t<\/div>\n\t\t\t\t\t<\/div>\n\t\t<\/section>\n\t\t\t\t<\/div>","protected":false},"excerpt":{"rendered":"<p>COMO PODEMOS AJUDAR Constitui\u00e7\u00e3o de empresas no Brasil, com s\u00f3cios nacionais e estrangeiros. Elabora\u00e7\u00e3o de atos societ\u00e1rios em geral, tais como Ata de Reuni\u00e3o de S\u00f3cios, Contrato Social e respectivas altera\u00e7\u00f5es, Ata de Assembleia Geral Ordin\u00e1ria e Extraordin\u00e1ria, incorpora\u00e7\u00e3o, transforma\u00e7\u00e3o, cis\u00e3o e fus\u00e3o de sociedades,\u00a0drop down\u00a0de ativos, bem como coordena\u00e7\u00e3o do registro destes atos societ\u00e1rios [&hellip;]<\/p>","protected":false},"author":4,"featured_media":0,"parent":0,"menu_order":0,"comment_status":"closed","ping_status":"closed","template":"","meta":{"footnotes":""},"class_list":["post-834","page","type-page","status-publish","hentry"],"_links":{"self":[{"href":"https:\/\/corelaw.com.br\/en\/wp-json\/wp\/v2\/pages\/834","targetHints":{"allow":["GET"]}}],"collection":[{"href":"https:\/\/corelaw.com.br\/en\/wp-json\/wp\/v2\/pages"}],"about":[{"href":"https:\/\/corelaw.com.br\/en\/wp-json\/wp\/v2\/types\/page"}],"author":[{"embeddable":true,"href":"https:\/\/corelaw.com.br\/en\/wp-json\/wp\/v2\/users\/4"}],"replies":[{"embeddable":true,"href":"https:\/\/corelaw.com.br\/en\/wp-json\/wp\/v2\/comments?post=834"}],"version-history":[{"count":19,"href":"https:\/\/corelaw.com.br\/en\/wp-json\/wp\/v2\/pages\/834\/revisions"}],"predecessor-version":[{"id":14642,"href":"https:\/\/corelaw.com.br\/en\/wp-json\/wp\/v2\/pages\/834\/revisions\/14642"}],"wp:attachment":[{"href":"https:\/\/corelaw.com.br\/en\/wp-json\/wp\/v2\/media?parent=834"}],"curies":[{"name":"wp","href":"https:\/\/api.w.org\/{rel}","templated":true}]}}