{"id":825,"date":"2021-08-04T10:52:09","date_gmt":"2021-08-04T13:52:09","guid":{"rendered":"https:\/\/corelaw.com.br\/?page_id=825"},"modified":"2021-12-31T14:10:51","modified_gmt":"2021-12-31T17:10:51","slug":"fusoes-e-aquisicoes-ma","status":"publish","type":"page","link":"https:\/\/corelaw.com.br\/en\/fusoes-e-aquisicoes-ma\/","title":{"rendered":"FUS\u00d5ES E AQUISI\u00c7\u00d5ES [M&#038;A]"},"content":{"rendered":"<div data-elementor-type=\"wp-page\" data-elementor-id=\"825\" class=\"elementor elementor-825\" data-elementor-post-type=\"page\">\n\t\t\t\t\t\t<section class=\"elementor-section elementor-top-section elementor-element elementor-element-f7793a0 elementor-section-height-min-height hero-img elementor-section-boxed elementor-section-height-default elementor-section-items-middle\" data-id=\"f7793a0\" data-element_type=\"section\" data-settings=\"{&quot;background_background&quot;:&quot;classic&quot;}\">\n\t\t\t\t\t\t\t<div class=\"elementor-background-overlay\"><\/div>\n\t\t\t\t\t\t\t<div class=\"elementor-container elementor-column-gap-wider\">\n\t\t\t\t\t<div class=\"elementor-column elementor-col-100 elementor-top-column elementor-element elementor-element-2b014ff1\" data-id=\"2b014ff1\" data-element_type=\"column\">\n\t\t\t<div class=\"elementor-widget-wrap elementor-element-populated\">\n\t\t\t\t\t\t<div class=\"elementor-element elementor-element-632627a0 de_scroll_animation_no elementor-widget elementor-widget-theme-post-title elementor-page-title elementor-widget-heading\" data-id=\"632627a0\" data-element_type=\"widget\" data-widget_type=\"theme-post-title.default\">\n\t\t\t\t<div class=\"elementor-widget-container\">\n\t\t\t\t\t<h1 class=\"elementor-heading-title elementor-size-default\">FUS\u00d5ES E AQUISI\u00c7\u00d5ES [M&#038;A]<\/h1>\t\t\t\t<\/div>\n\t\t\t\t<\/div>\n\t\t\t\t\t<\/div>\n\t\t<\/div>\n\t\t\t\t\t<\/div>\n\t\t<\/section>\n\t\t\t\t<section class=\"elementor-section elementor-top-section elementor-element elementor-element-632ea7f2 elementor-section-boxed elementor-section-height-default elementor-section-height-default\" data-id=\"632ea7f2\" data-element_type=\"section\">\n\t\t\t\t\t\t<div class=\"elementor-container elementor-column-gap-wider\">\n\t\t\t\t\t<div class=\"elementor-column elementor-col-100 elementor-top-column elementor-element elementor-element-3b9633ee\" data-id=\"3b9633ee\" data-element_type=\"column\">\n\t\t\t<div class=\"elementor-widget-wrap elementor-element-populated\">\n\t\t\t\t\t\t<div class=\"elementor-element elementor-element-29c95cbe de_scroll_animation_no elementor-widget elementor-widget-heading\" data-id=\"29c95cbe\" data-element_type=\"widget\" data-widget_type=\"heading.default\">\n\t\t\t\t<div class=\"elementor-widget-container\">\n\t\t\t\t\t<h2 class=\"elementor-heading-title elementor-size-default\">HOW WE CAN HELP YOU<\/h2>\t\t\t\t<\/div>\n\t\t\t\t<\/div>\n\t\t\t\t<div class=\"elementor-element elementor-element-2b1c9d54 de_scroll_animation_no elementor-widget elementor-widget-text-editor\" data-id=\"2b1c9d54\" data-element_type=\"widget\" data-widget_type=\"text-editor.default\">\n\t\t\t\t<div class=\"elementor-widget-container\">\n\t\t\t\t\t\t\t\t\t<ul><li>Preparing the Memorandum of Understanding, or similar document, in which the parties involved establish the main business guidelines, such as price and the basic structure of the transaction.<\/li><li>Analysis of tax and corporate matters related to the proposed structure for the transaction.<\/li><li>Undertaking legal Due Diligence, with the purpose of verifying the current legal situation of the target company in all areas (labor, tax, contracts, among others), checking the liabilities and contingencies or assistance in organizing the data room.<\/li><li>Preparing the transaction agreements, including Investment\/Subscription Agreement, Share\/Quota Purchase Agreement, Members\u2019\/Shareholders\u2019 Agreement, Stock\/Quota Option Agreement, Agreements referring to guarantees, among others; all depending on the structure.<\/li><li>General defense of the client\u2019s interests throughout the negotiation process, including participation in internal meetings (defining the strategy with the client) and external meetings with the other party.<\/li><li>Coordination of the transaction closing.<\/li><li>Post-closing assistance, such as integration of activities and use of goodwill paid on the acquisition.<\/li><\/ul>\t\t\t\t\t\t\t\t<\/div>\n\t\t\t\t<\/div>\n\t\t\t\t<div class=\"elementor-element elementor-element-f97c8d8 de_scroll_animation_no elementor-widget elementor-widget-heading\" data-id=\"f97c8d8\" data-element_type=\"widget\" data-widget_type=\"heading.default\">\n\t\t\t\t<div class=\"elementor-widget-container\">\n\t\t\t\t\t<h2 class=\"elementor-heading-title elementor-size-default\">WHAT MAKES US STAND OUT<\/h2>\t\t\t\t<\/div>\n\t\t\t\t<\/div>\n\t\t\t\t<div class=\"elementor-element elementor-element-0fe3020 de_scroll_animation_no elementor-widget elementor-widget-text-editor\" data-id=\"0fe3020\" data-element_type=\"widget\" data-widget_type=\"text-editor.default\">\n\t\t\t\t<div class=\"elementor-widget-container\">\n\t\t\t\t\t\t\t\t\t<ul><li>We take care of the client\u2019s pocket by recommending the most appropriate legal structure, always starting with the tax analysis of the intended transaction.<\/li><li>We discuss the possible alternatives for the transaction, considering price, conditions, guarantees, in order to collaborate with the closing of a good deal. We are creative.<\/li><li>We do not shy away from giving a concrete opinion to the client about the security (or otherwise) of the business.<\/li><li>We work in total harmony with the other professionals involved in the transaction, such as financial advisers, the other party\u2019s lawyer, among others, always seeking to harmonize interests and implement the transaction securely.<\/li><\/ul>\t\t\t\t\t\t\t\t<\/div>\n\t\t\t\t<\/div>\n\t\t\t\t\t<\/div>\n\t\t<\/div>\n\t\t\t\t\t<\/div>\n\t\t<\/section>\n\t\t\t\t<\/div>","protected":false},"excerpt":{"rendered":"<p>COMO PODEMOS AJUDAR Elabora\u00e7\u00e3o do Memorando de Entendimentos, ou documento similar, no qual as partes envolvidas estabelecem as principais diretrizes do neg\u00f3cio, tais como pre\u00e7o e a estrutura b\u00e1sica da opera\u00e7\u00e3o. An\u00e1lise das quest\u00f5es tribut\u00e1rias e societ\u00e1rias relacionadas \u00e0 estrutura proposta para a opera\u00e7\u00e3o. Realiza\u00e7\u00e3o de Due Diligence Jur\u00eddica, com o objetivo de verificar a [&hellip;]<\/p>","protected":false},"author":4,"featured_media":0,"parent":0,"menu_order":0,"comment_status":"closed","ping_status":"closed","template":"","meta":{"footnotes":""},"class_list":["post-825","page","type-page","status-publish","hentry"],"_links":{"self":[{"href":"https:\/\/corelaw.com.br\/en\/wp-json\/wp\/v2\/pages\/825","targetHints":{"allow":["GET"]}}],"collection":[{"href":"https:\/\/corelaw.com.br\/en\/wp-json\/wp\/v2\/pages"}],"about":[{"href":"https:\/\/corelaw.com.br\/en\/wp-json\/wp\/v2\/types\/page"}],"author":[{"embeddable":true,"href":"https:\/\/corelaw.com.br\/en\/wp-json\/wp\/v2\/users\/4"}],"replies":[{"embeddable":true,"href":"https:\/\/corelaw.com.br\/en\/wp-json\/wp\/v2\/comments?post=825"}],"version-history":[{"count":28,"href":"https:\/\/corelaw.com.br\/en\/wp-json\/wp\/v2\/pages\/825\/revisions"}],"predecessor-version":[{"id":14621,"href":"https:\/\/corelaw.com.br\/en\/wp-json\/wp\/v2\/pages\/825\/revisions\/14621"}],"wp:attachment":[{"href":"https:\/\/corelaw.com.br\/en\/wp-json\/wp\/v2\/media?parent=825"}],"curies":[{"name":"wp","href":"https:\/\/api.w.org\/{rel}","templated":true}]}}