{"id":617,"date":"2021-07-28T12:22:23","date_gmt":"2021-07-28T15:22:23","guid":{"rendered":"https:\/\/corelaw.com.br\/?page_id=617"},"modified":"2021-12-31T14:14:17","modified_gmt":"2021-12-31T17:14:17","slug":"nosso-manifesto","status":"publish","type":"page","link":"https:\/\/corelaw.com.br\/en\/nosso-manifesto\/","title":{"rendered":"Our Manifesto"},"content":{"rendered":"<div data-elementor-type=\"wp-page\" data-elementor-id=\"617\" class=\"elementor elementor-617\" data-elementor-post-type=\"page\">\n\t\t\t\t\t\t<section class=\"elementor-section elementor-top-section elementor-element elementor-element-f7793a0 elementor-section-height-min-height hero-img elementor-section-boxed elementor-section-height-default elementor-section-items-middle\" data-id=\"f7793a0\" data-element_type=\"section\" data-settings=\"{&quot;background_background&quot;:&quot;classic&quot;}\">\n\t\t\t\t\t\t\t<div class=\"elementor-background-overlay\"><\/div>\n\t\t\t\t\t\t\t<div class=\"elementor-container elementor-column-gap-wider\">\n\t\t\t\t\t<div class=\"elementor-column elementor-col-100 elementor-top-column elementor-element elementor-element-2b014ff1\" data-id=\"2b014ff1\" data-element_type=\"column\">\n\t\t\t<div class=\"elementor-widget-wrap elementor-element-populated\">\n\t\t\t\t\t\t<div class=\"elementor-element elementor-element-632627a0 de_scroll_animation_no elementor-widget elementor-widget-theme-post-title elementor-page-title elementor-widget-heading\" data-id=\"632627a0\" data-element_type=\"widget\" data-widget_type=\"theme-post-title.default\">\n\t\t\t\t<div class=\"elementor-widget-container\">\n\t\t\t\t\t<h1 class=\"elementor-heading-title elementor-size-default\">Our Manifesto<\/h1>\t\t\t\t<\/div>\n\t\t\t\t<\/div>\n\t\t\t\t\t<\/div>\n\t\t<\/div>\n\t\t\t\t\t<\/div>\n\t\t<\/section>\n\t\t\t\t<section class=\"elementor-section elementor-top-section elementor-element elementor-element-632ea7f2 elementor-section-boxed elementor-section-height-default elementor-section-height-default\" data-id=\"632ea7f2\" data-element_type=\"section\">\n\t\t\t\t\t\t<div class=\"elementor-container elementor-column-gap-wider\">\n\t\t\t\t\t<div class=\"elementor-column elementor-col-100 elementor-top-column elementor-element elementor-element-3b9633ee\" data-id=\"3b9633ee\" data-element_type=\"column\">\n\t\t\t<div class=\"elementor-widget-wrap elementor-element-populated\">\n\t\t\t\t\t\t<div class=\"elementor-element elementor-element-29c95cbe de_scroll_animation_no elementor-widget elementor-widget-heading\" data-id=\"29c95cbe\" data-element_type=\"widget\" data-widget_type=\"heading.default\">\n\t\t\t\t<div class=\"elementor-widget-container\">\n\t\t\t\t\t<h2 class=\"elementor-heading-title elementor-size-default\">Everything we do is to find intelligent solutions for the client<\/h2>\t\t\t\t<\/div>\n\t\t\t\t<\/div>\n\t\t\t\t<div class=\"elementor-element elementor-element-2b1c9d54 de_scroll_animation_no elementor-widget elementor-widget-text-editor\" data-id=\"2b1c9d54\" data-element_type=\"widget\" data-widget_type=\"text-editor.default\">\n\t\t\t\t<div class=\"elementor-widget-container\">\n\t\t\t\t\t\t\t\t\t<p class=\"translation-block\">Client: We believe in the concept of \u201cClient-centrism\u201d, everything we do is to find intelligent solutions for the client. The firm exists for the client and depends on the client. Either we go the extra mile or we do not take it on!<\/p><p class=\"translation-block\">Unity: What we do together, we finish together. We share our success and do not abandon those of us who fail.<\/p><p class=\"translation-block\">Maturity: We are all grown adults. We act according to it and expect the same from the people around us.<\/p><p class=\"translation-block\">Transparency: We do not keep secrets. Information that affects all of us will be shared with all of us and we will quickly and openly work to separate facts from perceptions.<\/p><p class=\"translation-block\">Truth: We do not lie to ourselves nor to anyone on the team. None of us will tolerate acting this way. We depend on each other for the truth.<\/p><p class=\"translation-block\">Coherence: We keep our word. We will be explicit and we will do what we say. We believe that the words of others will also be true.<\/p><p class=\"translation-block\">Emotional control: We will not lose control. The client should find in us a firm rock! A lifeboat. We will not panic in difficult times (and they always come). We will always choose to face tough situations and never wash our hands off them.<\/p><p class=\"translation-block\">Compassion: We will take care of each other. We truly believe that a tenacious team can change the world. We know that the firm is doing well, if you are doing well. We care about your balance.<\/p><p class=\"translation-block\">Quality and Efficiency: We seek the highest standard of quality in everything we do, from a simple legal instrument, to the most complex strategy, everything will be very well done, as simply and directly as possible.<\/p><p class=\"translation-block\">Innovation: \u201cThis has always been done like this,\u201d is not something you will hear from our team. We are going to change the way legal services are provided. We do not \u2018settle for less\u2019 in business!<\/p>\t\t\t\t\t\t\t\t<\/div>\n\t\t\t\t<\/div>\n\t\t\t\t\t<\/div>\n\t\t<\/div>\n\t\t\t\t\t<\/div>\n\t\t<\/section>\n\t\t\t\t<\/div>","protected":false},"excerpt":{"rendered":"<p>o cliente est\u00e1 no centro de tudo o que fazemos Cliente:\u00a0Acreditamos no conceito de \u201cClientecentrismo\u201d, tudo o que fazemos \u00e9 para viabilizar solu\u00e7\u00f5es inteligentes para o cliente. O escrit\u00f3rio vive para ele e dele depende. Ou vamos at\u00e9 o fim, ou n\u00e3o entregamos! Uni\u00e3o:\u00a0Conclu\u00edmos o que fazemos juntos. Compartilhamos nosso sucesso e jamais deixamos qualquer [&hellip;]<\/p>","protected":false},"author":4,"featured_media":0,"parent":0,"menu_order":0,"comment_status":"closed","ping_status":"closed","template":"","meta":{"footnotes":""},"class_list":["post-617","page","type-page","status-publish","hentry"],"_links":{"self":[{"href":"https:\/\/corelaw.com.br\/en\/wp-json\/wp\/v2\/pages\/617","targetHints":{"allow":["GET"]}}],"collection":[{"href":"https:\/\/corelaw.com.br\/en\/wp-json\/wp\/v2\/pages"}],"about":[{"href":"https:\/\/corelaw.com.br\/en\/wp-json\/wp\/v2\/types\/page"}],"author":[{"embeddable":true,"href":"https:\/\/corelaw.com.br\/en\/wp-json\/wp\/v2\/users\/4"}],"replies":[{"embeddable":true,"href":"https:\/\/corelaw.com.br\/en\/wp-json\/wp\/v2\/comments?post=617"}],"version-history":[{"count":22,"href":"https:\/\/corelaw.com.br\/en\/wp-json\/wp\/v2\/pages\/617\/revisions"}],"predecessor-version":[{"id":14633,"href":"https:\/\/corelaw.com.br\/en\/wp-json\/wp\/v2\/pages\/617\/revisions\/14633"}],"wp:attachment":[{"href":"https:\/\/corelaw.com.br\/en\/wp-json\/wp\/v2\/media?parent=617"}],"curies":[{"name":"wp","href":"https:\/\/api.w.org\/{rel}","templated":true}]}}