{"id":15696,"date":"2023-05-03T10:34:16","date_gmt":"2023-05-03T13:34:16","guid":{"rendered":"https:\/\/corelaw.com.br\/?page_id=15696"},"modified":"2023-05-03T12:38:04","modified_gmt":"2023-05-03T15:38:04","slug":"civel","status":"publish","type":"page","link":"https:\/\/corelaw.com.br\/en\/civel\/","title":{"rendered":"C\u00cdVEL"},"content":{"rendered":"<div data-elementor-type=\"wp-page\" data-elementor-id=\"15696\" class=\"elementor elementor-15696\" data-elementor-post-type=\"page\">\n\t\t\t\t\t\t<section class=\"elementor-section elementor-top-section elementor-element elementor-element-f7793a0 elementor-section-height-min-height hero-img elementor-section-boxed elementor-section-height-default elementor-section-items-middle\" data-id=\"f7793a0\" data-element_type=\"section\" data-settings=\"{&quot;background_background&quot;:&quot;classic&quot;}\">\n\t\t\t\t\t\t\t<div class=\"elementor-background-overlay\"><\/div>\n\t\t\t\t\t\t\t<div class=\"elementor-container elementor-column-gap-wider\">\n\t\t\t\t\t<div class=\"elementor-column elementor-col-100 elementor-top-column elementor-element elementor-element-2b014ff1\" data-id=\"2b014ff1\" data-element_type=\"column\">\n\t\t\t<div class=\"elementor-widget-wrap elementor-element-populated\">\n\t\t\t\t\t\t<div class=\"elementor-element elementor-element-632627a0 de_scroll_animation_no elementor-widget elementor-widget-theme-post-title elementor-page-title elementor-widget-heading\" data-id=\"632627a0\" data-element_type=\"widget\" data-widget_type=\"theme-post-title.default\">\n\t\t\t\t<div class=\"elementor-widget-container\">\n\t\t\t\t\t<h1 class=\"elementor-heading-title elementor-size-default\">C\u00cdVEL<\/h1>\t\t\t\t<\/div>\n\t\t\t\t<\/div>\n\t\t\t\t\t<\/div>\n\t\t<\/div>\n\t\t\t\t\t<\/div>\n\t\t<\/section>\n\t\t\t\t<section class=\"elementor-section elementor-top-section elementor-element elementor-element-632ea7f2 elementor-section-boxed elementor-section-height-default elementor-section-height-default\" data-id=\"632ea7f2\" data-element_type=\"section\">\n\t\t\t\t\t\t<div class=\"elementor-container elementor-column-gap-wider\">\n\t\t\t\t\t<div class=\"elementor-column elementor-col-100 elementor-top-column elementor-element elementor-element-3b9633ee\" data-id=\"3b9633ee\" data-element_type=\"column\">\n\t\t\t<div class=\"elementor-widget-wrap elementor-element-populated\">\n\t\t\t\t\t\t<div class=\"elementor-element elementor-element-29c95cbe de_scroll_animation_no elementor-widget elementor-widget-heading\" data-id=\"29c95cbe\" data-element_type=\"widget\" data-widget_type=\"heading.default\">\n\t\t\t\t<div class=\"elementor-widget-container\">\n\t\t\t\t\t<h2 class=\"elementor-heading-title elementor-size-default\">HOW WE CAN HELP YOU<\/h2>\t\t\t\t<\/div>\n\t\t\t\t<\/div>\n\t\t\t\t<div class=\"elementor-element elementor-element-2b1c9d54 de_scroll_animation_no elementor-widget elementor-widget-text-editor\" data-id=\"2b1c9d54\" data-element_type=\"widget\" data-widget_type=\"text-editor.default\">\n\t\t\t\t<div class=\"elementor-widget-container\">\n\t\t\t\t\t\t\t\t\t<h4>\u00a0<\/h4><h4>C\u00cdVEL<\/h4><p>\u00b7 A\u00e7\u00f5es Indenizat\u00f3rias por Danos Materiais e\/ou Morais;<br \/>\u00b7 A\u00e7\u00f5es Possess\u00f3rias: reintegra\u00e7\u00e3o de posse, imiss\u00e3o na posse, interdito e manuten\u00e7\u00e3o na posse;<br \/>\u00b7 A\u00e7\u00f5es de Despejo;<br \/>\u00b7 Usucapi\u00e3o;<br \/>\u00b7 A\u00e7\u00f5es de Responsabilidade civil;<br \/>\u00b7 A\u00e7\u00f5es relacionadas a obriga\u00e7\u00e3o de fazer e n\u00e3o fazer;<br \/>\u00b7 A\u00e7\u00f5es de execu\u00e7\u00e3o, Monit\u00f3ria e Cobran\u00e7a para recupera\u00e7\u00e3o de cr\u00e9ditos;<br \/>\u00b7 A\u00e7\u00f5es relacionadas ao direito do consumidor;<br \/>\u00b7 Procedimentos de Recall;<br \/>\u00b7 Elabora\u00e7\u00e3o de notifica\u00e7\u00f5es;<\/p><h4>\u00a0<\/h4><h4>FAM\u00cdLIA<\/h4><p><br \/>\u00b7 Div\u00f3rcio Judicial e Extrajudicial, com partilha de bens;<br \/>\u00b7 Invent\u00e1rio Judicial e Extrajudicial;<br \/>\u00b7 A\u00e7\u00e3o de Alimentos e Revisional;<br \/>\u00b7 Orienta\u00e7\u00e3o e elabora\u00e7\u00e3o de Testamentos;<br \/>\u00b7 Regulamenta\u00e7\u00e3o de visitas, guarda e tutela de menores;<br \/>\u00b7 Interdi\u00e7\u00e3o;<br \/>\u00b7 Reconhecimento e Dissolu\u00e7\u00e3o de Uni\u00e3o Est\u00e1vel;<br \/>\u00b7 Altera\u00e7\u00e3o de Regime de Bens.<\/p><p>\u00a0<\/p><h4>LICITA\u00c7\u00d5ES<\/h4><p><br \/>\u00b7 Impugna\u00e7\u00e3o ao edital;<br \/>\u00b7 Recursos em geral;<br \/>\u00b7 Elabora\u00e7\u00e3o de defesas;<br \/>\u00b7 Peti\u00e7\u00f5es iniciais e recursos perante o Poder Judici\u00e1rio;<\/p>\t\t\t\t\t\t\t\t<\/div>\n\t\t\t\t<\/div>\n\t\t\t\t<div class=\"elementor-element elementor-element-f97c8d8 de_scroll_animation_no elementor-widget elementor-widget-heading\" data-id=\"f97c8d8\" data-element_type=\"widget\" data-widget_type=\"heading.default\">\n\t\t\t\t<div class=\"elementor-widget-container\">\n\t\t\t\t\t<h2 class=\"elementor-heading-title elementor-size-default\">WHAT MAKES US STAND OUT<\/h2>\t\t\t\t<\/div>\n\t\t\t\t<\/div>\n\t\t\t\t<div class=\"elementor-element elementor-element-0fe3020 de_scroll_animation_no elementor-widget elementor-widget-text-editor\" data-id=\"0fe3020\" data-element_type=\"widget\" data-widget_type=\"text-editor.default\">\n\t\t\t\t<div class=\"elementor-widget-container\">\n\t\t\t\t\t\t\t\t\t<ul><li>We understand your business! We talk to the parties involved in the operation and we prepare or negotiate the agreements focusing on the aspects that are CORE for the client.<\/li><li>We systematize everything to make our processes more efficient and we apply the concepts of project management to advocacy with agile methodology.<\/li><li>We always involve the firm\u2019s tax department in analysis because we care about our client\u2019s pocket.<\/li><li>We value simplifying the complex at all stages.<\/li><\/ul>\t\t\t\t\t\t\t\t<\/div>\n\t\t\t\t<\/div>\n\t\t\t\t\t<\/div>\n\t\t<\/div>\n\t\t\t\t\t<\/div>\n\t\t<\/section>\n\t\t\t\t<\/div>","protected":false},"excerpt":{"rendered":"<p>COMO PODEMOS AJUDAR \u00a0 C\u00cdVEL \u00b7 A\u00e7\u00f5es Indenizat\u00f3rias por Danos Materiais e\/ou Morais;\u00b7 A\u00e7\u00f5es Possess\u00f3rias: reintegra\u00e7\u00e3o de posse, imiss\u00e3o na posse, interdito e manuten\u00e7\u00e3o na posse;\u00b7 A\u00e7\u00f5es de Despejo;\u00b7 Usucapi\u00e3o;\u00b7 A\u00e7\u00f5es de Responsabilidade civil;\u00b7 A\u00e7\u00f5es relacionadas a obriga\u00e7\u00e3o de fazer e n\u00e3o fazer;\u00b7 A\u00e7\u00f5es de execu\u00e7\u00e3o, Monit\u00f3ria e Cobran\u00e7a para recupera\u00e7\u00e3o de cr\u00e9ditos;\u00b7 A\u00e7\u00f5es relacionadas [&hellip;]<\/p>","protected":false},"author":4,"featured_media":0,"parent":0,"menu_order":0,"comment_status":"closed","ping_status":"closed","template":"","meta":{"footnotes":""},"class_list":["post-15696","page","type-page","status-publish","hentry"],"_links":{"self":[{"href":"https:\/\/corelaw.com.br\/en\/wp-json\/wp\/v2\/pages\/15696","targetHints":{"allow":["GET"]}}],"collection":[{"href":"https:\/\/corelaw.com.br\/en\/wp-json\/wp\/v2\/pages"}],"about":[{"href":"https:\/\/corelaw.com.br\/en\/wp-json\/wp\/v2\/types\/page"}],"author":[{"embeddable":true,"href":"https:\/\/corelaw.com.br\/en\/wp-json\/wp\/v2\/users\/4"}],"replies":[{"embeddable":true,"href":"https:\/\/corelaw.com.br\/en\/wp-json\/wp\/v2\/comments?post=15696"}],"version-history":[{"count":6,"href":"https:\/\/corelaw.com.br\/en\/wp-json\/wp\/v2\/pages\/15696\/revisions"}],"predecessor-version":[{"id":16787,"href":"https:\/\/corelaw.com.br\/en\/wp-json\/wp\/v2\/pages\/15696\/revisions\/16787"}],"wp:attachment":[{"href":"https:\/\/corelaw.com.br\/en\/wp-json\/wp\/v2\/media?parent=15696"}],"curies":[{"name":"wp","href":"https:\/\/api.w.org\/{rel}","templated":true}]}}