{"id":13849,"date":"2021-09-08T10:13:07","date_gmt":"2021-09-08T13:13:07","guid":{"rendered":"https:\/\/corelaw.com.br\/?page_id=13849"},"modified":"2021-12-31T14:15:04","modified_gmt":"2021-12-31T17:15:04","slug":"privacidade-e-dados-pessoais","status":"publish","type":"page","link":"https:\/\/corelaw.com.br\/en\/privacidade-e-dados-pessoais\/","title":{"rendered":"PRIVACY AND PERSONAL DATA"},"content":{"rendered":"<div data-elementor-type=\"wp-page\" data-elementor-id=\"13849\" class=\"elementor elementor-13849\" data-elementor-post-type=\"page\">\n\t\t\t\t\t\t<section class=\"elementor-section elementor-top-section elementor-element elementor-element-f7793a0 elementor-section-height-min-height hero-img elementor-section-boxed elementor-section-height-default elementor-section-items-middle\" data-id=\"f7793a0\" data-element_type=\"section\" data-settings=\"{&quot;background_background&quot;:&quot;classic&quot;}\">\n\t\t\t\t\t\t\t<div class=\"elementor-background-overlay\"><\/div>\n\t\t\t\t\t\t\t<div class=\"elementor-container elementor-column-gap-wider\">\n\t\t\t\t\t<div class=\"elementor-column elementor-col-100 elementor-top-column elementor-element elementor-element-2b014ff1\" data-id=\"2b014ff1\" data-element_type=\"column\">\n\t\t\t<div class=\"elementor-widget-wrap elementor-element-populated\">\n\t\t\t\t\t\t<div class=\"elementor-element elementor-element-632627a0 de_scroll_animation_no elementor-widget elementor-widget-theme-post-title elementor-page-title elementor-widget-heading\" data-id=\"632627a0\" data-element_type=\"widget\" data-widget_type=\"theme-post-title.default\">\n\t\t\t\t<div class=\"elementor-widget-container\">\n\t\t\t\t\t<h1 class=\"elementor-heading-title elementor-size-default\">PRIVACY AND PERSONAL DATA<\/h1>\t\t\t\t<\/div>\n\t\t\t\t<\/div>\n\t\t\t\t\t<\/div>\n\t\t<\/div>\n\t\t\t\t\t<\/div>\n\t\t<\/section>\n\t\t\t\t<section class=\"elementor-section elementor-top-section elementor-element elementor-element-632ea7f2 elementor-section-boxed elementor-section-height-default elementor-section-height-default\" data-id=\"632ea7f2\" data-element_type=\"section\">\n\t\t\t\t\t\t<div class=\"elementor-container elementor-column-gap-wider\">\n\t\t\t\t\t<div class=\"elementor-column elementor-col-100 elementor-top-column elementor-element elementor-element-3b9633ee\" data-id=\"3b9633ee\" data-element_type=\"column\">\n\t\t\t<div class=\"elementor-widget-wrap elementor-element-populated\">\n\t\t\t\t\t\t<div class=\"elementor-element elementor-element-29c95cbe de_scroll_animation_no elementor-widget elementor-widget-heading\" data-id=\"29c95cbe\" data-element_type=\"widget\" data-widget_type=\"heading.default\">\n\t\t\t\t<div class=\"elementor-widget-container\">\n\t\t\t\t\t<h2 class=\"elementor-heading-title elementor-size-default\">HOW WE CAN HELP YOU<\/h2>\t\t\t\t<\/div>\n\t\t\t\t<\/div>\n\t\t\t\t<div class=\"elementor-element elementor-element-2b1c9d54 de_scroll_animation_no elementor-widget elementor-widget-text-editor\" data-id=\"2b1c9d54\" data-element_type=\"widget\" data-widget_type=\"text-editor.default\">\n\t\t\t\t<div class=\"elementor-widget-container\">\n\t\t\t\t\t\t\t\t\t<ul><li>Complete legal advice on adapting your company to the General Data Protection Law, and others relevant laws, from the beginning to the end, including kick-off meetings, action plan for the most critical areas of the company, drafting the privacy policy, consent term of cookies\u2019 use, standard clauses for contracts with customers and suppliers, internal policy regarding the treatment of employee data, document retention policy, as well as review of specific documents of the company, including but not limited to IT security policy and incident response plan.<\/li><li>Consultancy, especially to IT, HR and Marketing, about the flows and procedures to be revised and\/or adjusted in order to give the proper treatment to personal data.<\/li><li>Adequacy of policies and documents that your company may receive from the head office located in another country, in order to adjust them to Brazilian law and the reality of the company in Brazil.<\/li><li>Review of Privacy Terms and specific agreements that your company receives from customers and suppliers, so that your company only assumes obligations that it is able to comply with regarding the subject of personal data.<\/li><li>Consultancy on the processing of personal data to all areas of the company.<\/li><\/ul>\t\t\t\t\t\t\t\t<\/div>\n\t\t\t\t<\/div>\n\t\t\t\t<div class=\"elementor-element elementor-element-f97c8d8 de_scroll_animation_no elementor-widget elementor-widget-heading\" data-id=\"f97c8d8\" data-element_type=\"widget\" data-widget_type=\"heading.default\">\n\t\t\t\t<div class=\"elementor-widget-container\">\n\t\t\t\t\t<h2 class=\"elementor-heading-title elementor-size-default\">WHAT MAKES US STAND OUT<\/h2>\t\t\t\t<\/div>\n\t\t\t\t<\/div>\n\t\t\t\t<div class=\"elementor-element elementor-element-0fe3020 de_scroll_animation_no elementor-widget elementor-widget-text-editor\" data-id=\"0fe3020\" data-element_type=\"widget\" data-widget_type=\"text-editor.default\">\n\t\t\t\t<div class=\"elementor-widget-container\">\n\t\t\t\t\t\t\t\t\t<ul><li>We understand your business! We interact with all areas of the company to understand the big picture of data treatment and focus on the aspects that are CORE for the client, adapting them to what is required by law and best market practices.<\/li><li>We systematize everything to make our processes more efficient and we apply the concepts of project management to advocacy with agile methodology.<\/li><li>We value simplifying the complex at all stages.<\/li><li>We work in full harmony with the other professionals involved in the transaction, such as IT professionals, always seeking the composition of interests and the realization of the operation safely.<\/li><\/ul>\t\t\t\t\t\t\t\t<\/div>\n\t\t\t\t<\/div>\n\t\t\t\t\t<\/div>\n\t\t<\/div>\n\t\t\t\t\t<\/div>\n\t\t<\/section>\n\t\t\t\t<\/div>","protected":false},"excerpt":{"rendered":"<p>COMO PODEMOS AJUDAR Completa assessoria jur\u00eddica na adequa\u00e7\u00e3o da sua empresa \u00e0 Lei Geral de Prote\u00e7\u00e3o de Dados e legisla\u00e7\u00e3o aplic\u00e1vel, do in\u00edcio ao fim, incluindo reuni\u00e3o de kick-off, plano de a\u00e7\u00e3o para as \u00e1reas mais cr\u00edticas da empresa, reda\u00e7\u00e3o da pol\u00edtica de privacidade, termo de consentimento de uso cookies, cl\u00e1usulas padr\u00e3o para contratos com [&hellip;]<\/p>","protected":false},"author":4,"featured_media":0,"parent":0,"menu_order":0,"comment_status":"closed","ping_status":"closed","template":"","meta":{"footnotes":""},"class_list":["post-13849","page","type-page","status-publish","hentry"],"_links":{"self":[{"href":"https:\/\/corelaw.com.br\/en\/wp-json\/wp\/v2\/pages\/13849","targetHints":{"allow":["GET"]}}],"collection":[{"href":"https:\/\/corelaw.com.br\/en\/wp-json\/wp\/v2\/pages"}],"about":[{"href":"https:\/\/corelaw.com.br\/en\/wp-json\/wp\/v2\/types\/page"}],"author":[{"embeddable":true,"href":"https:\/\/corelaw.com.br\/en\/wp-json\/wp\/v2\/users\/4"}],"replies":[{"embeddable":true,"href":"https:\/\/corelaw.com.br\/en\/wp-json\/wp\/v2\/comments?post=13849"}],"version-history":[{"count":13,"href":"https:\/\/corelaw.com.br\/en\/wp-json\/wp\/v2\/pages\/13849\/revisions"}],"predecessor-version":[{"id":14636,"href":"https:\/\/corelaw.com.br\/en\/wp-json\/wp\/v2\/pages\/13849\/revisions\/14636"}],"wp:attachment":[{"href":"https:\/\/corelaw.com.br\/en\/wp-json\/wp\/v2\/media?parent=13849"}],"curies":[{"name":"wp","href":"https:\/\/api.w.org\/{rel}","templated":true}]}}